{"id":1994,"date":"2024-09-11T07:03:23","date_gmt":"2024-09-11T07:03:23","guid":{"rendered":"https:\/\/www.rieraconsulting.es\/eurofonctionnaires\/"},"modified":"2025-04-29T10:06:13","modified_gmt":"2025-04-29T10:06:13","slug":"fonctionnaires-europeens","status":"publish","type":"page","link":"https:\/\/www.rieraconsulting.es\/fr\/fonctionnaires-europeens\/","title":{"rendered":"Fonctionnaires europ\u00e9ens"},"content":{"rendered":"\n<div class=\"wp-block-uagb-container uagb-block-380f96ca alignfull uagb-is-root-container\"><div class=\"uagb-container-inner-blocks-wrap\">\n<div class=\"wp-block-uagb-slider uagb-block-c3df2c1c uagb-slider-container\"><div class=\"uagb-slides uagb-swiper\"><div class=\"swiper-wrapper\">\n<div class=\"wp-block-uagb-slider-child uagb-slider-child-wrap swiper-slide uagb-block-4c89fd43\"><div class=\"swiper-content\">\n<div class=\"wp-block-uagb-container uagb-block-843e9348\">\n<div class=\"wp-block-uagb-info-box uagb-block-317a231e uagb-infobox__content-wrap  uagb-infobox-icon-above-title uagb-infobox-image-valign-top wp-block-uagb-info-box--has-margin\"><div class=\"uagb-infobox-margin-wrapper\"><div class=\"uagb-ifb-content\"><div class=\"uagb-ifb-title-wrap\"><h1 class=\"uagb-ifb-title\">La r\u00e9ponse \u00e0 vos questions sur votre situation en Espagne.<\/h1><\/div><p class=\"uagb-ifb-desc\">Tout ce que vous avez toujours voulu savoir sur votre situation de fonctionnaire europ\u00e9en.<\/p><\/div><\/div><\/div>\n<\/div>\n<\/div><\/div>\n<\/div><\/div><\/div>\n<\/div><\/div>\n\n<div class=\"wp-block-uagb-container uagb-block-78186970 alignfull uagb-is-root-container\"><div class=\"uagb-container-inner-blocks-wrap\">\n<p class=\"has-text-align-center has-large-font-size\" style=\"margin-top:0px;margin-bottom:0px\">Fonctionnaires europ\u00e9ens : conseils juridiques internationaux<\/p>\n\n\n\n<p class=\"has-text-align-center\" style=\"font-size:20px\">Chez RIERA CONSULTING, nous comprenons les particularit\u00e9s du personnel qui travaille pour les institutions europ\u00e9ennes et nous offrons des conseils juridiques complets et sp\u00e9cialis\u00e9s aux fonctionnaires europ\u00e9ens.<\/p>\n\n\n\n<p class=\"has-text-align-center\">Nous disposons d\u2019une \u00e9quipe de juristes hautement qualifi\u00e9s et tr\u00e8s exp\u00e9riment\u00e9s sur les questions internationales et europ\u00e9ennes.<\/p>\n\n\n\n<p class=\"has-text-align-center has-large-font-size\" style=\"margin-top:0px;margin-bottom:0px\">Services pour les fonctionnaires europ\u00e9ens<\/p>\n\n\n\n<div class=\"wp-block-uagb-container uagb-block-654341b4\">\n<div class=\"wp-block-uagb-container uagb-block-7272220e\">\n<div class=\"wp-block-uagb-icon-list uagb-block-c32238da\"><div class=\"uagb-icon-list__wrap\">\n<div class=\"wp-block-uagb-icon-list-child uagb-block-96d3e5e3\"><span class=\"uagb-icon-list__source-wrap\"><svg xmlns=\"https:\/\/www.w3.org\/2000\/svg\" viewbox=\"0 0 448 512\"><path d=\"M438.6 105.4C451.1 117.9 451.1 138.1 438.6 150.6L182.6 406.6C170.1 419.1 149.9 419.1 137.4 406.6L9.372 278.6C-3.124 266.1-3.124 245.9 9.372 233.4C21.87 220.9 42.13 220.9 54.63 233.4L159.1 338.7L393.4 105.4C405.9 92.88 426.1 92.88 438.6 105.4H438.6z\"><\/path><\/svg><\/span><span class=\"uagb-icon-list__label\"><strong>Fiscalit\u00e9 internationale :<\/strong><\/span><\/div>\n<\/div><\/div>\n\n\n\n<p style=\"margin-top:0px;margin-bottom:20px;padding-left:45px\">Nous offrons des conseils sp\u00e9cialis\u00e9s sur les questions fiscales concernant les fonctionnaires et agents europ\u00e9ens. Nous vous aidons \u00e0 comprendre les questions fiscales complexes, qu\u2019il s\u2019agisse de d\u00e9clarations ou de gestion patrimoniale. <\/p>\n\n\n\n<div class=\"wp-block-uagb-icon-list uagb-block-0fdc63a9\"><div class=\"uagb-icon-list__wrap\">\n<div class=\"wp-block-uagb-icon-list-child uagb-block-b093eb92\"><span class=\"uagb-icon-list__source-wrap\"><svg xmlns=\"https:\/\/www.w3.org\/2000\/svg\" viewbox=\"0 0 448 512\"><path d=\"M438.6 105.4C451.1 117.9 451.1 138.1 438.6 150.6L182.6 406.6C170.1 419.1 149.9 419.1 137.4 406.6L9.372 278.6C-3.124 266.1-3.124 245.9 9.372 233.4C21.87 220.9 42.13 220.9 54.63 233.4L159.1 338.7L393.4 105.4C405.9 92.88 426.1 92.88 438.6 105.4H438.6z\"><\/path><\/svg><\/span><span class=\"uagb-icon-list__label\"><strong>Achat et vente de biens immobiliers :<\/strong><\/span><\/div>\n<\/div><\/div>\n\n\n\n<p style=\"margin-top:0px;margin-bottom:20px;padding-left:45px\">Nous vous conseillons et vous accompagnons tout au long du processus.<\/p>\n<\/div>\n\n\n\n<div class=\"wp-block-uagb-container uagb-block-6a1fd3fd\">\n<div class=\"wp-block-uagb-icon-list uagb-block-d9078348\"><div class=\"uagb-icon-list__wrap\">\n<div class=\"wp-block-uagb-icon-list-child uagb-block-2021b503\"><span class=\"uagb-icon-list__source-wrap\"><svg xmlns=\"https:\/\/www.w3.org\/2000\/svg\" viewbox=\"0 0 448 512\"><path d=\"M438.6 105.4C451.1 117.9 451.1 138.1 438.6 150.6L182.6 406.6C170.1 419.1 149.9 419.1 137.4 406.6L9.372 278.6C-3.124 266.1-3.124 245.9 9.372 233.4C21.87 220.9 42.13 220.9 54.63 233.4L159.1 338.7L393.4 105.4C405.9 92.88 426.1 92.88 438.6 105.4H438.6z\"><\/path><\/svg><\/span><span class=\"uagb-icon-list__label\"><strong>R\u00e9sidence et nationalit\u00e9 :<\/strong><\/span><\/div>\n<\/div><\/div>\n\n\n\n<p style=\"margin-top:0px;margin-bottom:20px;padding-left:45px\">Nous vous conseillons sur les questions li\u00e9es \u00e0 la r\u00e9sidence et \u00e0 l\u2019acquisition de la nationalit\u00e9 espagnole.<\/p>\n\n\n\n<div class=\"wp-block-uagb-icon-list uagb-block-4bb5373d\"><div class=\"uagb-icon-list__wrap\">\n<div class=\"wp-block-uagb-icon-list-child uagb-block-570022c8\"><span class=\"uagb-icon-list__source-wrap\"><svg xmlns=\"https:\/\/www.w3.org\/2000\/svg\" viewbox=\"0 0 448 512\"><path d=\"M438.6 105.4C451.1 117.9 451.1 138.1 438.6 150.6L182.6 406.6C170.1 419.1 149.9 419.1 137.4 406.6L9.372 278.6C-3.124 266.1-3.124 245.9 9.372 233.4C21.87 220.9 42.13 220.9 54.63 233.4L159.1 338.7L393.4 105.4C405.9 92.88 426.1 92.88 438.6 105.4H438.6z\"><\/path><\/svg><\/span><span class=\"uagb-icon-list__label\"><strong>Succession et h\u00e9ritage :<\/strong><\/span><\/div>\n<\/div><\/div>\n\n\n\n<p style=\"margin-top:0px;margin-bottom:20px;padding-left:45px\">Nous vous conseillons sur l\u2019organisation de votre succession et sur la gestion des h\u00e9ritages internationaux.<\/p>\n<\/div>\n<\/div>\n\n\n\n<div class=\"wp-block-uagb-buttons uagb-buttons__outer-wrap uagb-btn__default-btn uagb-btn-tablet__default-btn uagb-btn-mobile__default-btn uagb-block-a14e8622\"><div class=\"uagb-buttons__wrap uagb-buttons-layout-wrap \">\n<div class=\"wp-block-uagb-buttons-child uagb-buttons__outer-wrap uagb-block-8648c316 wp-block-button\"><div class=\"uagb-button__wrapper\"><a class=\"uagb-buttons-repeater wp-block-button__link\" aria-label=\"\" href=\"https:\/\/www.rieraconsulting.es\/fr\/contactez-riera-consulting\/\" rel=\"follow noopener\" target=\"_self\" role=\"button\"><div class=\"uagb-button__link\">\u00c7A M&rsquo;INT\u00c9RESSE!<\/div><\/a><\/div><\/div>\n<\/div><\/div>\n<\/div><\/div>\n\n<div class=\"wp-block-uagb-container uagb-block-2b43194d alignfull uagb-is-root-container\"><div class=\"uagb-container-inner-blocks-wrap\">\n<p class=\"has-text-align-center has-large-font-size\" style=\"margin-top:0px;margin-bottom:0px\">Pourquoi nous choisir ?<\/p>\n\n\n\n<div class=\"wp-block-uagb-container uagb-block-7226e032\">\n<div class=\"wp-block-uagb-container uagb-block-f3511709\">\n<div class=\"wp-block-uagb-icon-list uagb-block-83f3b3a2\"><div class=\"uagb-icon-list__wrap\">\n<div class=\"wp-block-uagb-icon-list-child uagb-block-6235e9c7\"><span class=\"uagb-icon-list__source-wrap\"><svg xmlns=\"https:\/\/www.w3.org\/2000\/svg\" viewbox=\"0 0 448 512\"><path d=\"M438.6 105.4C451.1 117.9 451.1 138.1 438.6 150.6L182.6 406.6C170.1 419.1 149.9 419.1 137.4 406.6L9.372 278.6C-3.124 266.1-3.124 245.9 9.372 233.4C21.87 220.9 42.13 220.9 54.63 233.4L159.1 338.7L393.4 105.4C405.9 92.88 426.1 92.88 438.6 105.4H438.6z\"><\/path><\/svg><\/span><span class=\"uagb-icon-list__label\"><strong>Exp\u00e9rience internationale :<\/strong><\/span><\/div>\n<\/div><\/div>\n\n\n\n<p style=\"margin-top:0px;margin-bottom:20px;padding-left:45px\">Notre longue exp\u00e9rience dans le domaine du conseil aux fonctionnaires europ\u00e9ens nous permet de comprendre les besoins sp\u00e9cifiques et de rechercher les meilleures solutions.<\/p>\n\n\n\n<div class=\"wp-block-uagb-icon-list uagb-block-edce5461\"><div class=\"uagb-icon-list__wrap\">\n<div class=\"wp-block-uagb-icon-list-child uagb-block-4db11bad\"><span class=\"uagb-icon-list__source-wrap\"><svg xmlns=\"https:\/\/www.w3.org\/2000\/svg\" viewbox=\"0 0 448 512\"><path d=\"M438.6 105.4C451.1 117.9 451.1 138.1 438.6 150.6L182.6 406.6C170.1 419.1 149.9 419.1 137.4 406.6L9.372 278.6C-3.124 266.1-3.124 245.9 9.372 233.4C21.87 220.9 42.13 220.9 54.63 233.4L159.1 338.7L393.4 105.4C405.9 92.88 426.1 92.88 438.6 105.4H438.6z\"><\/path><\/svg><\/span><span class=\"uagb-icon-list__label\"><strong>Approche personnalis\u00e9e :<\/strong><\/span><\/div>\n<\/div><\/div>\n\n\n\n<p style=\"margin-top:0px;margin-bottom:20px;padding-left:45px\">Nous privil\u00e9gions une relation \u00e9troite avec nos clients. Chaque cas est unique et nous adaptons nos solutions \u00e0 votre situation. <\/p>\n\n\n\n<div class=\"wp-block-uagb-icon-list uagb-block-e99bbeb0\"><div class=\"uagb-icon-list__wrap\">\n<div class=\"wp-block-uagb-icon-list-child uagb-block-be80d063\"><span class=\"uagb-icon-list__source-wrap\"><svg xmlns=\"https:\/\/www.w3.org\/2000\/svg\" viewbox=\"0 0 448 512\"><path d=\"M438.6 105.4C451.1 117.9 451.1 138.1 438.6 150.6L182.6 406.6C170.1 419.1 149.9 419.1 137.4 406.6L9.372 278.6C-3.124 266.1-3.124 245.9 9.372 233.4C21.87 220.9 42.13 220.9 54.63 233.4L159.1 338.7L393.4 105.4C405.9 92.88 426.1 92.88 438.6 105.4H438.6z\"><\/path><\/svg><\/span><span class=\"uagb-icon-list__label\"><strong>Engagement en faveur de l&rsquo;excellence :  <\/strong><\/span><\/div>\n<\/div><\/div>\n\n\n\n<p style=\"margin-top:0px;margin-bottom:20px;padding-left:45px\">Nous recherchons des r\u00e9sultats optimaux pour nos clients. La satisfaction et la r\u00e9ussite de ceux qui nous font confiance sont notre plus grande r\u00e9compense. <\/p>\n<\/div>\n<\/div>\n<\/div><\/div>\n\n<div class=\"wp-block-uagb-container section_contactar_home uagb-block-fec3fc47 alignfull uagb-is-root-container\"><div class=\"uagb-container-inner-blocks-wrap\">\n<p class=\"has-text-align-center has-large-font-size\" style=\"margin-top:0em;margin-bottom:0em;font-style:normal;font-weight:300\">Contactez-nous<\/p>\n\n\n\n<div class=\"wp-block-uagb-container uagb-block-988d12d5\">\n<div class=\"wp-block-uagb-container uagb-block-90467267\">\n<p>Vous avez un doute ? Nous sommes ravis de le r\u00e9soudre. Notre \u00e9quipe de professionnels sera ravie de r\u00e9pondre \u00e0 toutes vos questions sur nos services ou \u00e0 vos pr\u00e9occupations. Nous voulons vous aider.   <\/p>\n<\/div>\n\n\n\n<div class=\"wp-block-uagb-container uagb-block-161195bd\">\n<div class=\"wp-block-contact-form-7-contact-form-selector\">\n<div class=\"wpcf7 no-js\" id=\"wpcf7-f2049-o1\" lang=\"fr-FR\" dir=\"ltr\" data-wpcf7-id=\"2049\">\n<div class=\"screen-reader-response\"><p role=\"status\" aria-live=\"polite\" aria-atomic=\"true\"><\/p> <ul><\/ul><\/div>\n<form action=\"\/fr\/wp-json\/wp\/v2\/pages\/1994#wpcf7-f2049-o1\" method=\"post\" class=\"wpcf7-form init\" aria-label=\"Formulaire de contact\" novalidate=\"novalidate\" data-status=\"init\">\n<fieldset class=\"hidden-fields-container\"><input type=\"hidden\" name=\"_wpcf7\" value=\"2049\" \/><input type=\"hidden\" name=\"_wpcf7_version\" value=\"6.1.5\" \/><input type=\"hidden\" name=\"_wpcf7_locale\" value=\"fr_FR\" \/><input type=\"hidden\" name=\"_wpcf7_unit_tag\" value=\"wpcf7-f2049-o1\" \/><input type=\"hidden\" name=\"_wpcf7_container_post\" value=\"0\" \/><input type=\"hidden\" name=\"_wpcf7_posted_data_hash\" value=\"\" \/><input type=\"hidden\" name=\"_wpcf7_recaptcha_response\" value=\"\" \/>\n<\/fieldset>\n<span class=\"wpcf7-form-control-wrap\" data-name=\"nombre\"><input size=\"40\" maxlength=\"400\" class=\"wpcf7-form-control wpcf7-text wpcf7-validates-as-required\" aria-required=\"true\" aria-invalid=\"false\" placeholder=\"Nom (*)\" value=\"\" type=\"text\" name=\"nombre\" \/><\/span>\n<span class=\"wpcf7-form-control-wrap\" data-name=\"correo\"><input size=\"40\" maxlength=\"400\" class=\"wpcf7-form-control wpcf7-email wpcf7-validates-as-required wpcf7-text wpcf7-validates-as-email\" aria-required=\"true\" aria-invalid=\"false\" placeholder=\"E-mail (*)\" value=\"\" type=\"email\" name=\"correo\" \/><\/span>\n<span class=\"wpcf7-form-control-wrap\" data-name=\"asunto\"><input size=\"40\" maxlength=\"400\" class=\"wpcf7-form-control wpcf7-text wpcf7-validates-as-required\" aria-required=\"true\" aria-invalid=\"false\" placeholder=\"Sujet (*)\" value=\"\" type=\"text\" name=\"asunto\" \/><\/span>\n<span class=\"wpcf7-form-control-wrap\" data-name=\"mensaje\"><textarea cols=\"40\" rows=\"4\" maxlength=\"2000\" class=\"wpcf7-form-control wpcf7-textarea wpcf7-validates-as-required\" aria-required=\"true\" aria-invalid=\"false\" placeholder=\"Message (*)\" name=\"mensaje\"><\/textarea><\/span>\n<span class=\"wpcf7-form-control-wrap\" data-name=\"acceptance-692\"><span class=\"wpcf7-form-control wpcf7-acceptance\"><span class=\"wpcf7-list-item\"><label><input type=\"checkbox\" name=\"acceptance-692\" value=\"1\" aria-invalid=\"false\" \/><span class=\"wpcf7-list-item-label\">J'accepte la <a href=\"https:\/\/www.rieraconsulting.es\/privacy-policy\" target=\"_blank\">Politique de Confidentialit\u00e9<\/a><\/span><\/label><\/span><\/span><\/span>\n<div id=\"cf7-enviar\" style=\"text-align: center;width: 100%;\">\n<input class=\"wpcf7-form-control wpcf7-submit has-spinner\" type=\"submit\" value=\"ENVOYER LE MESSAGE\" \/>\n<\/div><div class=\"wpcf7-response-output\" aria-hidden=\"true\"><\/div>\n<\/form>\n<\/div>\n<\/div>\n<\/div>\n<\/div>\n<\/div><\/div>\n","protected":false},"excerpt":{"rendered":"<p>Fonctionnaires europ\u00e9ens : conseils juridiques internationaux Chez RIERA CONSULTING, nous comprenons les particularit\u00e9s du personnel qui travaille pour les institutions [&hellip;]<\/p>\n","protected":false},"author":1,"featured_media":0,"parent":0,"menu_order":0,"comment_status":"closed","ping_status":"closed","template":"","meta":{"_acf_changed":false,"inline_featured_image":false,"_uag_custom_page_level_css":"","site-sidebar-layout":"default","site-content-layout":"","ast-site-content-layout":"default","site-content-style":"default","site-sidebar-style":"default","ast-global-header-display":"","ast-banner-title-visibility":"","ast-main-header-display":"","ast-hfb-above-header-display":"","ast-hfb-below-header-display":"","ast-hfb-mobile-header-display":"","site-post-title":"disabled","ast-breadcrumbs-content":"","ast-featured-img":"","footer-sml-layout":"","ast-disable-related-posts":"","theme-transparent-header-meta":"","adv-header-id-meta":"","stick-header-meta":"","header-above-stick-meta":"","header-main-stick-meta":"","header-below-stick-meta":"","astra-migrate-meta-layouts":"default","ast-page-background-enabled":"default","ast-page-background-meta":{"desktop":{"background-color":"var(--ast-global-color-4)","background-image":"","background-repeat":"repeat","background-position":"center center","background-size":"auto","background-attachment":"scroll","background-type":"","background-media":"","overlay-type":"","overlay-color":"","overlay-opacity":"","overlay-gradient":""},"tablet":{"background-color":"","background-image":"","background-repeat":"repeat","background-position":"center center","background-size":"auto","background-attachment":"scroll","background-type":"","background-media":"","overlay-type":"","overlay-color":"","overlay-opacity":"","overlay-gradient":""},"mobile":{"background-color":"","background-image":"","background-repeat":"repeat","background-position":"center center","background-size":"auto","background-attachment":"scroll","background-type":"","background-media":"","overlay-type":"","overlay-color":"","overlay-opacity":"","overlay-gradient":""}},"ast-content-background-meta":{"desktop":{"background-color":"var(--ast-global-color-5)","background-image":"","background-repeat":"repeat","background-position":"center center","background-size":"auto","background-attachment":"scroll","background-type":"","background-media":"","overlay-type":"","overlay-color":"","overlay-opacity":"","overlay-gradient":""},"tablet":{"background-color":"var(--ast-global-color-5)","background-image":"","background-repeat":"repeat","background-position":"center center","background-size":"auto","background-attachment":"scroll","background-type":"","background-media":"","overlay-type":"","overlay-color":"","overlay-opacity":"","overlay-gradient":""},"mobile":{"background-color":"var(--ast-global-color-5)","background-image":"","background-repeat":"repeat","background-position":"center center","background-size":"auto","background-attachment":"scroll","background-type":"","background-media":"","overlay-type":"","overlay-color":"","overlay-opacity":"","overlay-gradient":""}},"footnotes":""},"class_list":["post-1994","page","type-page","status-publish","hentry"],"acf":[],"yoast_head":"<!-- This site is optimized with the Yoast SEO plugin v27.5 - https:\/\/yoast.com\/product\/yoast-seo-wordpress\/ -->\n<title>Fonctionnaires europ\u00e9ens - Riera Consulting<\/title>\n<meta name=\"robots\" content=\"index, follow, max-snippet:-1, max-image-preview:large, max-video-preview:-1\" \/>\n<link rel=\"canonical\" href=\"https:\/\/www.rieraconsulting.es\/fr\/fonctionnaires-europeens\/\" \/>\n<meta property=\"og:locale\" content=\"fr_FR\" \/>\n<meta property=\"og:type\" content=\"article\" \/>\n<meta property=\"og:title\" content=\"Fonctionnaires europ\u00e9ens - Riera Consulting\" \/>\n<meta property=\"og:description\" content=\"Fonctionnaires europ\u00e9ens : conseils juridiques internationaux Chez RIERA CONSULTING, nous comprenons les particularit\u00e9s du personnel qui travaille pour les institutions [&hellip;]\" \/>\n<meta property=\"og:url\" content=\"https:\/\/www.rieraconsulting.es\/fr\/fonctionnaires-europeens\/\" \/>\n<meta property=\"og:site_name\" content=\"Riera Consulting\" \/>\n<meta property=\"article:modified_time\" content=\"2025-04-29T10:06:13+00:00\" \/>\n<meta name=\"twitter:card\" content=\"summary_large_image\" \/>\n<meta name=\"twitter:label1\" content=\"Dur\u00e9e de lecture estim\u00e9e\" \/>\n\t<meta name=\"twitter:data1\" content=\"2 minutes\" \/>\n<script type=\"application\/ld+json\" class=\"yoast-schema-graph\">{\"@context\":\"https:\\\/\\\/schema.org\",\"@graph\":[{\"@type\":\"WebPage\",\"@id\":\"https:\\\/\\\/www.rieraconsulting.es\\\/fr\\\/fonctionnaires-europeens\\\/\",\"url\":\"https:\\\/\\\/www.rieraconsulting.es\\\/fr\\\/fonctionnaires-europeens\\\/\",\"name\":\"Fonctionnaires europ\u00e9ens - Riera Consulting\",\"isPartOf\":{\"@id\":\"https:\\\/\\\/www.rieraconsulting.es\\\/fr\\\/#website\"},\"datePublished\":\"2024-09-11T07:03:23+00:00\",\"dateModified\":\"2025-04-29T10:06:13+00:00\",\"breadcrumb\":{\"@id\":\"https:\\\/\\\/www.rieraconsulting.es\\\/fr\\\/fonctionnaires-europeens\\\/#breadcrumb\"},\"inLanguage\":\"fr-FR\",\"potentialAction\":[{\"@type\":\"ReadAction\",\"target\":[\"https:\\\/\\\/www.rieraconsulting.es\\\/fr\\\/fonctionnaires-europeens\\\/\"]}]},{\"@type\":\"BreadcrumbList\",\"@id\":\"https:\\\/\\\/www.rieraconsulting.es\\\/fr\\\/fonctionnaires-europeens\\\/#breadcrumb\",\"itemListElement\":[{\"@type\":\"ListItem\",\"position\":1,\"name\":\"Portada\",\"item\":\"https:\\\/\\\/www.rieraconsulting.es\\\/fr\\\/home\\\/\"},{\"@type\":\"ListItem\",\"position\":2,\"name\":\"Fonctionnaires europ\u00e9ens\"}]},{\"@type\":\"WebSite\",\"@id\":\"https:\\\/\\\/www.rieraconsulting.es\\\/fr\\\/#website\",\"url\":\"https:\\\/\\\/www.rieraconsulting.es\\\/fr\\\/\",\"name\":\"Riera Consulting\",\"description\":\"Riera Consulting Abogados Y Asesores Fiscales Alicante\",\"publisher\":{\"@id\":\"https:\\\/\\\/www.rieraconsulting.es\\\/fr\\\/#organization\"},\"potentialAction\":[{\"@type\":\"SearchAction\",\"target\":{\"@type\":\"EntryPoint\",\"urlTemplate\":\"https:\\\/\\\/www.rieraconsulting.es\\\/fr\\\/?s={search_term_string}\"},\"query-input\":{\"@type\":\"PropertyValueSpecification\",\"valueRequired\":true,\"valueName\":\"search_term_string\"}}],\"inLanguage\":\"fr-FR\"},{\"@type\":\"Organization\",\"@id\":\"https:\\\/\\\/www.rieraconsulting.es\\\/fr\\\/#organization\",\"name\":\"Riera Consulting\",\"url\":\"https:\\\/\\\/www.rieraconsulting.es\\\/fr\\\/\",\"logo\":{\"@type\":\"ImageObject\",\"inLanguage\":\"fr-FR\",\"@id\":\"https:\\\/\\\/www.rieraconsulting.es\\\/fr\\\/#\\\/schema\\\/logo\\\/image\\\/\",\"url\":\"https:\\\/\\\/www.rieraconsulting.es\\\/wp-content\\\/uploads\\\/2025\\\/03\\\/rieraconsulting_logo.svg\",\"contentUrl\":\"https:\\\/\\\/www.rieraconsulting.es\\\/wp-content\\\/uploads\\\/2025\\\/03\\\/rieraconsulting_logo.svg\",\"caption\":\"Riera Consulting\"},\"image\":{\"@id\":\"https:\\\/\\\/www.rieraconsulting.es\\\/fr\\\/#\\\/schema\\\/logo\\\/image\\\/\"}}]}<\/script>\n<!-- \/ Yoast SEO plugin. -->","yoast_head_json":{"title":"Fonctionnaires europ\u00e9ens - Riera Consulting","robots":{"index":"index","follow":"follow","max-snippet":"max-snippet:-1","max-image-preview":"max-image-preview:large","max-video-preview":"max-video-preview:-1"},"canonical":"https:\/\/www.rieraconsulting.es\/fr\/fonctionnaires-europeens\/","og_locale":"fr_FR","og_type":"article","og_title":"Fonctionnaires europ\u00e9ens - Riera Consulting","og_description":"Fonctionnaires europ\u00e9ens : conseils juridiques internationaux Chez RIERA CONSULTING, nous comprenons les particularit\u00e9s du personnel qui travaille pour les institutions [&hellip;]","og_url":"https:\/\/www.rieraconsulting.es\/fr\/fonctionnaires-europeens\/","og_site_name":"Riera Consulting","article_modified_time":"2025-04-29T10:06:13+00:00","twitter_card":"summary_large_image","twitter_misc":{"Dur\u00e9e de lecture estim\u00e9e":"2 minutes"},"schema":{"@context":"https:\/\/schema.org","@graph":[{"@type":"WebPage","@id":"https:\/\/www.rieraconsulting.es\/fr\/fonctionnaires-europeens\/","url":"https:\/\/www.rieraconsulting.es\/fr\/fonctionnaires-europeens\/","name":"Fonctionnaires europ\u00e9ens - Riera Consulting","isPartOf":{"@id":"https:\/\/www.rieraconsulting.es\/fr\/#website"},"datePublished":"2024-09-11T07:03:23+00:00","dateModified":"2025-04-29T10:06:13+00:00","breadcrumb":{"@id":"https:\/\/www.rieraconsulting.es\/fr\/fonctionnaires-europeens\/#breadcrumb"},"inLanguage":"fr-FR","potentialAction":[{"@type":"ReadAction","target":["https:\/\/www.rieraconsulting.es\/fr\/fonctionnaires-europeens\/"]}]},{"@type":"BreadcrumbList","@id":"https:\/\/www.rieraconsulting.es\/fr\/fonctionnaires-europeens\/#breadcrumb","itemListElement":[{"@type":"ListItem","position":1,"name":"Portada","item":"https:\/\/www.rieraconsulting.es\/fr\/home\/"},{"@type":"ListItem","position":2,"name":"Fonctionnaires europ\u00e9ens"}]},{"@type":"WebSite","@id":"https:\/\/www.rieraconsulting.es\/fr\/#website","url":"https:\/\/www.rieraconsulting.es\/fr\/","name":"Riera Consulting","description":"Riera Consulting Abogados Y Asesores Fiscales Alicante","publisher":{"@id":"https:\/\/www.rieraconsulting.es\/fr\/#organization"},"potentialAction":[{"@type":"SearchAction","target":{"@type":"EntryPoint","urlTemplate":"https:\/\/www.rieraconsulting.es\/fr\/?s={search_term_string}"},"query-input":{"@type":"PropertyValueSpecification","valueRequired":true,"valueName":"search_term_string"}}],"inLanguage":"fr-FR"},{"@type":"Organization","@id":"https:\/\/www.rieraconsulting.es\/fr\/#organization","name":"Riera Consulting","url":"https:\/\/www.rieraconsulting.es\/fr\/","logo":{"@type":"ImageObject","inLanguage":"fr-FR","@id":"https:\/\/www.rieraconsulting.es\/fr\/#\/schema\/logo\/image\/","url":"https:\/\/www.rieraconsulting.es\/wp-content\/uploads\/2025\/03\/rieraconsulting_logo.svg","contentUrl":"https:\/\/www.rieraconsulting.es\/wp-content\/uploads\/2025\/03\/rieraconsulting_logo.svg","caption":"Riera Consulting"},"image":{"@id":"https:\/\/www.rieraconsulting.es\/fr\/#\/schema\/logo\/image\/"}}]}},"uagb_featured_image_src":{"full":false,"thumbnail":false,"medium":false,"medium_large":false,"large":false,"1536x1536":false,"2048x2048":false},"uagb_author_info":{"display_name":"kebes","author_link":"https:\/\/www.rieraconsulting.es\/fr\/author\/kebes\/"},"uagb_comment_info":0,"uagb_excerpt":"Fonctionnaires europ\u00e9ens : conseils juridiques internationaux Chez RIERA CONSULTING, nous comprenons les particularit\u00e9s du personnel qui travaille pour les institutions [&hellip;]","_links":{"self":[{"href":"https:\/\/www.rieraconsulting.es\/fr\/wp-json\/wp\/v2\/pages\/1994","targetHints":{"allow":["GET"]}}],"collection":[{"href":"https:\/\/www.rieraconsulting.es\/fr\/wp-json\/wp\/v2\/pages"}],"about":[{"href":"https:\/\/www.rieraconsulting.es\/fr\/wp-json\/wp\/v2\/types\/page"}],"author":[{"embeddable":true,"href":"https:\/\/www.rieraconsulting.es\/fr\/wp-json\/wp\/v2\/users\/1"}],"replies":[{"embeddable":true,"href":"https:\/\/www.rieraconsulting.es\/fr\/wp-json\/wp\/v2\/comments?post=1994"}],"version-history":[{"count":6,"href":"https:\/\/www.rieraconsulting.es\/fr\/wp-json\/wp\/v2\/pages\/1994\/revisions"}],"predecessor-version":[{"id":2475,"href":"https:\/\/www.rieraconsulting.es\/fr\/wp-json\/wp\/v2\/pages\/1994\/revisions\/2475"}],"wp:attachment":[{"href":"https:\/\/www.rieraconsulting.es\/fr\/wp-json\/wp\/v2\/media?parent=1994"}],"curies":[{"name":"wp","href":"https:\/\/api.w.org\/{rel}","templated":true}]}}