{"id":2222,"date":"2024-09-11T07:03:23","date_gmt":"2024-09-11T07:03:23","guid":{"rendered":"https:\/\/www.rieraconsulting.es\/europaeische-beamten\/"},"modified":"2025-04-29T09:46:37","modified_gmt":"2025-04-29T09:46:37","slug":"eu-beamten","status":"publish","type":"page","link":"https:\/\/www.rieraconsulting.es\/de\/eu-beamten\/","title":{"rendered":"EUROP\u00c4ISCHE BEAMTEN"},"content":{"rendered":"\n<div class=\"wp-block-uagb-container uagb-block-380f96ca alignfull uagb-is-root-container\"><div class=\"uagb-container-inner-blocks-wrap\">\n<div class=\"wp-block-uagb-slider uagb-block-c3df2c1c uagb-slider-container\"><div class=\"uagb-slides uagb-swiper\"><div class=\"swiper-wrapper\">\n<div class=\"wp-block-uagb-slider-child uagb-slider-child-wrap swiper-slide uagb-block-4c89fd43\"><div class=\"swiper-content\">\n<div class=\"wp-block-uagb-container uagb-block-843e9348\">\n<div class=\"wp-block-uagb-info-box uagb-block-317a231e uagb-infobox__content-wrap  uagb-infobox-icon-above-title uagb-infobox-image-valign-top wp-block-uagb-info-box--has-margin\"><div class=\"uagb-infobox-margin-wrapper\"><div class=\"uagb-ifb-content\"><div class=\"uagb-ifb-title-wrap\"><h1 class=\"uagb-ifb-title\">Die Antwort auf Ihre Fragen<br\/>zu Ihrer Situation in Spanien.<\/h1><\/div><p class=\"uagb-ifb-desc\">Alles, was Sie schon immer \u00fcber Ihre<br\/>Situation als europ\u00e4ischer Beamter wissen wollten.<\/p><\/div><\/div><\/div>\n<\/div>\n<\/div><\/div>\n<\/div><\/div><\/div>\n<\/div><\/div>\n\n<div class=\"wp-block-uagb-container uagb-block-78186970 alignfull uagb-is-root-container\"><div class=\"uagb-container-inner-blocks-wrap\">\n<p class=\"has-text-align-center has-large-font-size\" style=\"margin-top:0px;margin-bottom:0px\">EU-Beamten &#8211; Umfangreiche Rechtsberatung<\/p>\n\n\n\n<p class=\"has-text-align-center\" style=\"font-size:20px\">Bei RIERA CONSULTING kennen wir die Besonderheiten des Personals im Dienst der Europ\u00e4ischen Union und bieten f\u00fcr diese eine umfassende und spezialisierte Rechtsberatung an.<\/p>\n\n\n\n<p class=\"has-text-align-center\">Wir verf\u00fcgen \u00fcber ein Team hochqualifizierter Juristen mit umfassender Erfahrung in internationalen und europ\u00e4ischen Fragen.<\/p>\n\n\n\n<p class=\"has-text-align-center has-large-font-size\" style=\"margin-top:0px;margin-bottom:0px\">Dienstleistungen f\u00fcr die Bediensteten der Europ\u00e4ischen Union:<\/p>\n\n\n\n<div class=\"wp-block-uagb-container uagb-block-654341b4\">\n<div class=\"wp-block-uagb-container uagb-block-7272220e\">\n<div class=\"wp-block-uagb-icon-list uagb-block-c32238da\"><div class=\"uagb-icon-list__wrap\">\n<div class=\"wp-block-uagb-icon-list-child uagb-block-96d3e5e3\"><span class=\"uagb-icon-list__source-wrap\"><svg xmlns=\"https:\/\/www.w3.org\/2000\/svg\" viewbox=\"0 0 448 512\"><path d=\"M438.6 105.4C451.1 117.9 451.1 138.1 438.6 150.6L182.6 406.6C170.1 419.1 149.9 419.1 137.4 406.6L9.372 278.6C-3.124 266.1-3.124 245.9 9.372 233.4C21.87 220.9 42.13 220.9 54.63 233.4L159.1 338.7L393.4 105.4C405.9 92.88 426.1 92.88 438.6 105.4H438.6z\"><\/path><\/svg><\/span><span class=\"uagb-icon-list__label\"><strong>Nationales, europ\u00e4isches und Internationales Steuerrecht:<\/strong><\/span><\/div>\n<\/div><\/div>\n\n\n\n<p style=\"margin-top:0px;margin-bottom:20px;padding-left:45px\">Wir bieten spezialisierte Beratung zu Steuerfragen an, die das Protokoll \u00fcber die Vorrechte und Befreiungen der Europ\u00e4ischen Union und ihrer Bediensteten betreffen, sowie Fragen, die hier nicht geregelt werden. Von der Steuererkl\u00e4rung bis zur Verm\u00f6gensplanung helfen wir Ihnen, sich in den komplexen Steuerfragen zurechtzufinden. <\/p>\n\n\n\n<div class=\"wp-block-uagb-icon-list uagb-block-0fdc63a9\"><div class=\"uagb-icon-list__wrap\">\n<div class=\"wp-block-uagb-icon-list-child uagb-block-b093eb92\"><span class=\"uagb-icon-list__source-wrap\"><svg xmlns=\"https:\/\/www.w3.org\/2000\/svg\" viewbox=\"0 0 448 512\"><path d=\"M438.6 105.4C451.1 117.9 451.1 138.1 438.6 150.6L182.6 406.6C170.1 419.1 149.9 419.1 137.4 406.6L9.372 278.6C-3.124 266.1-3.124 245.9 9.372 233.4C21.87 220.9 42.13 220.9 54.63 233.4L159.1 338.7L393.4 105.4C405.9 92.88 426.1 92.88 438.6 105.4H438.6z\"><\/path><\/svg><\/span><span class=\"uagb-icon-list__label\"><strong>Kauf und Verkauf von Immobilien:<\/strong><\/span><\/div>\n<\/div><\/div>\n\n\n\n<p style=\"margin-top:0px;margin-bottom:20px;padding-left:45px\">Wir beraten Sie als Resident oder Nichtresident und begleiten Sie w\u00e4hrend des gesamten Prozesses.<\/p>\n<\/div>\n\n\n\n<div class=\"wp-block-uagb-container uagb-block-6a1fd3fd\">\n<div class=\"wp-block-uagb-icon-list uagb-block-d9078348\"><div class=\"uagb-icon-list__wrap\">\n<div class=\"wp-block-uagb-icon-list-child uagb-block-2021b503\"><span class=\"uagb-icon-list__source-wrap\"><svg xmlns=\"https:\/\/www.w3.org\/2000\/svg\" viewbox=\"0 0 448 512\"><path d=\"M438.6 105.4C451.1 117.9 451.1 138.1 438.6 150.6L182.6 406.6C170.1 419.1 149.9 419.1 137.4 406.6L9.372 278.6C-3.124 266.1-3.124 245.9 9.372 233.4C21.87 220.9 42.13 220.9 54.63 233.4L159.1 338.7L393.4 105.4C405.9 92.88 426.1 92.88 438.6 105.4H438.6z\"><\/path><\/svg><\/span><span class=\"uagb-icon-list__label\"><strong>Wohnsitz und Staatsangeh\u00f6rigkeit:<\/strong><\/span><\/div>\n<\/div><\/div>\n\n\n\n<p style=\"margin-top:0px;margin-bottom:20px;padding-left:45px\">Wir beraten Sie zum Wohnsitz und zum Erwerb der spanischen Staatsangeh\u00f6rigkeit.<\/p>\n\n\n\n<div class=\"wp-block-uagb-icon-list uagb-block-4bb5373d\"><div class=\"uagb-icon-list__wrap\">\n<div class=\"wp-block-uagb-icon-list-child uagb-block-570022c8\"><span class=\"uagb-icon-list__source-wrap\"><svg xmlns=\"https:\/\/www.w3.org\/2000\/svg\" viewbox=\"0 0 448 512\"><path d=\"M438.6 105.4C451.1 117.9 451.1 138.1 438.6 150.6L182.6 406.6C170.1 419.1 149.9 419.1 137.4 406.6L9.372 278.6C-3.124 266.1-3.124 245.9 9.372 233.4C21.87 220.9 42.13 220.9 54.63 233.4L159.1 338.7L393.4 105.4C405.9 92.88 426.1 92.88 438.6 105.4H438.6z\"><\/path><\/svg><\/span><span class=\"uagb-icon-list__label\"><strong>Erbschaft und Schenkung:<\/strong><\/span><\/div>\n<\/div><\/div>\n\n\n\n<p style=\"margin-top:0px;margin-bottom:20px;padding-left:45px\">Wir beraten Sie bei der Planung Ihrer Nachfolge und dem Umgang mit internationalen Erbschaften.<\/p>\n<\/div>\n<\/div>\n\n\n\n<div class=\"wp-block-uagb-buttons uagb-buttons__outer-wrap uagb-btn__default-btn uagb-btn-tablet__default-btn uagb-btn-mobile__default-btn uagb-block-a14e8622\"><div class=\"uagb-buttons__wrap uagb-buttons-layout-wrap \">\n<div class=\"wp-block-uagb-buttons-child uagb-buttons__outer-wrap uagb-block-8648c316 wp-block-button\"><div class=\"uagb-button__wrapper\"><a class=\"uagb-buttons-repeater wp-block-button__link\" aria-label=\"\" href=\"https:\/\/www.rieraconsulting.es\/de\/kontaktieren-sie-riera-consulting\/\" rel=\"follow noopener\" target=\"_self\" role=\"button\"><div class=\"uagb-button__link\">ICH BIN INTERESSIERT!<\/div><\/a><\/div><\/div>\n<\/div><\/div>\n<\/div><\/div>\n\n<div class=\"wp-block-uagb-container uagb-block-2b43194d alignfull uagb-is-root-container\"><div class=\"uagb-container-inner-blocks-wrap\">\n<p class=\"has-text-align-center has-large-font-size\" style=\"margin-top:0px;margin-bottom:0px\">Warum sollten Sie uns w\u00e4hlen?<\/p>\n\n\n\n<div class=\"wp-block-uagb-container uagb-block-7226e032\">\n<div class=\"wp-block-uagb-container uagb-block-f3511709\">\n<div class=\"wp-block-uagb-icon-list uagb-block-83f3b3a2\"><div class=\"uagb-icon-list__wrap\">\n<div class=\"wp-block-uagb-icon-list-child uagb-block-6235e9c7\"><span class=\"uagb-icon-list__source-wrap\"><svg xmlns=\"https:\/\/www.w3.org\/2000\/svg\" viewbox=\"0 0 448 512\"><path d=\"M438.6 105.4C451.1 117.9 451.1 138.1 438.6 150.6L182.6 406.6C170.1 419.1 149.9 419.1 137.4 406.6L9.372 278.6C-3.124 266.1-3.124 245.9 9.372 233.4C21.87 220.9 42.13 220.9 54.63 233.4L159.1 338.7L393.4 105.4C405.9 92.88 426.1 92.88 438.6 105.4H438.6z\"><\/path><\/svg><\/span><span class=\"uagb-icon-list__label\"><strong>Internationale Erfahrung:<\/strong><\/span><\/div>\n<\/div><\/div>\n\n\n\n<p style=\"margin-top:0px;margin-bottom:20px;padding-left:45px\">Unsere langj\u00e4hrige Erfahrung im Bereich der Beratung von Bediensteten der Europ\u00e4ischen Union erm\u00f6glicht es uns, die spezifischen Bed\u00fcrfnisse zu verstehen und die besten L\u00f6sungen zu finden.<\/p>\n\n\n\n<div class=\"wp-block-uagb-icon-list uagb-block-edce5461\"><div class=\"uagb-icon-list__wrap\">\n<div class=\"wp-block-uagb-icon-list-child uagb-block-4db11bad\"><span class=\"uagb-icon-list__source-wrap\"><svg xmlns=\"https:\/\/www.w3.org\/2000\/svg\" viewbox=\"0 0 448 512\"><path d=\"M438.6 105.4C451.1 117.9 451.1 138.1 438.6 150.6L182.6 406.6C170.1 419.1 149.9 419.1 137.4 406.6L9.372 278.6C-3.124 266.1-3.124 245.9 9.372 233.4C21.87 220.9 42.13 220.9 54.63 233.4L159.1 338.7L393.4 105.4C405.9 92.88 426.1 92.88 438.6 105.4H438.6z\"><\/path><\/svg><\/span><span class=\"uagb-icon-list__label\"><strong>Pers\u00f6nlicher Ansatz:<\/strong><\/span><\/div>\n<\/div><\/div>\n\n\n\n<p style=\"margin-top:0px;margin-bottom:20px;padding-left:45px\">Wir legen Wert auf eine enge Beziehung zu unseren Kunden. Jeder Fall ist einzigartig, und wir stimmen unsere L\u00f6sungen auf Ihre individuellen Umst\u00e4nde ab. <\/p>\n\n\n\n<div class=\"wp-block-uagb-icon-list uagb-block-e99bbeb0\"><div class=\"uagb-icon-list__wrap\">\n<div class=\"wp-block-uagb-icon-list-child uagb-block-be80d063\"><span class=\"uagb-icon-list__source-wrap\"><svg xmlns=\"https:\/\/www.w3.org\/2000\/svg\" viewbox=\"0 0 448 512\"><path d=\"M438.6 105.4C451.1 117.9 451.1 138.1 438.6 150.6L182.6 406.6C170.1 419.1 149.9 419.1 137.4 406.6L9.372 278.6C-3.124 266.1-3.124 245.9 9.372 233.4C21.87 220.9 42.13 220.9 54.63 233.4L159.1 338.7L393.4 105.4C405.9 92.88 426.1 92.88 438.6 105.4H438.6z\"><\/path><\/svg><\/span><span class=\"uagb-icon-list__label\"><strong>Engagement f\u00fcr Spitzenleistungen: <\/strong><\/span><\/div>\n<\/div><\/div>\n\n\n\n<p style=\"margin-top:0px;margin-bottom:20px;padding-left:45px\">Wir streben optimale Ergebnisse f\u00fcr unsere Kunden an. Die Zufriedenheit und der Erfolg derjenigen, die uns vertrauen, sind unsere gr\u00f6\u00dfte Belohnung. <\/p>\n<\/div>\n<\/div>\n<\/div><\/div>\n\n<div class=\"wp-block-uagb-container section_contactar_home uagb-block-fec3fc47 alignfull uagb-is-root-container\"><div class=\"uagb-container-inner-blocks-wrap\">\n<p class=\"has-text-align-center has-large-font-size\" style=\"margin-top:0em;margin-bottom:0em;font-style:normal;font-weight:300\">Z\u00f6gern Sie nicht uns zu kontaktieren<\/p>\n\n\n\n<div class=\"wp-block-uagb-container uagb-block-988d12d5\">\n<div class=\"wp-block-uagb-container uagb-block-90467267\">\n<p>Haben Sie Fragen? Wir w\u00fcrden uns freuen, sie zu l\u00f6sen. Unser Team ist immer sehr erfreut Fragen \u00fcber unsere Dienstleistungen oder sonstigen Problemen zu beantworten. Wir wollen Ihnen helfen.   <\/p>\n<\/div>\n\n\n\n<div class=\"wp-block-uagb-container uagb-block-161195bd\">\n<div class=\"wp-block-contact-form-7-contact-form-selector\">\n<div class=\"wpcf7 no-js\" id=\"wpcf7-f2048-o1\" lang=\"de-DE\" dir=\"ltr\" data-wpcf7-id=\"2048\">\n<div class=\"screen-reader-response\"><p role=\"status\" aria-live=\"polite\" aria-atomic=\"true\"><\/p> <ul><\/ul><\/div>\n<form action=\"\/de\/wp-json\/wp\/v2\/pages\/2222#wpcf7-f2048-o1\" method=\"post\" class=\"wpcf7-form init\" aria-label=\"Kontaktformular\" novalidate=\"novalidate\" data-status=\"init\">\n<fieldset class=\"hidden-fields-container\"><input type=\"hidden\" name=\"_wpcf7\" value=\"2048\" \/><input type=\"hidden\" name=\"_wpcf7_version\" value=\"6.1.5\" \/><input type=\"hidden\" name=\"_wpcf7_locale\" value=\"de_DE\" \/><input type=\"hidden\" name=\"_wpcf7_unit_tag\" value=\"wpcf7-f2048-o1\" \/><input type=\"hidden\" name=\"_wpcf7_container_post\" value=\"0\" \/><input type=\"hidden\" name=\"_wpcf7_posted_data_hash\" value=\"\" \/><input type=\"hidden\" name=\"_wpcf7_recaptcha_response\" value=\"\" \/>\n<\/fieldset>\n<span class=\"wpcf7-form-control-wrap\" data-name=\"nombre\"><input size=\"40\" maxlength=\"400\" class=\"wpcf7-form-control wpcf7-text wpcf7-validates-as-required\" aria-required=\"true\" aria-invalid=\"false\" placeholder=\"Name (*)\" value=\"\" type=\"text\" name=\"nombre\" \/><\/span>\n<span class=\"wpcf7-form-control-wrap\" data-name=\"correo\"><input size=\"40\" maxlength=\"400\" class=\"wpcf7-form-control wpcf7-email wpcf7-validates-as-required wpcf7-text wpcf7-validates-as-email\" aria-required=\"true\" aria-invalid=\"false\" placeholder=\"E-mail (*)\" value=\"\" type=\"email\" name=\"correo\" \/><\/span>\n<span class=\"wpcf7-form-control-wrap\" data-name=\"asunto\"><input size=\"40\" maxlength=\"400\" class=\"wpcf7-form-control wpcf7-text wpcf7-validates-as-required\" aria-required=\"true\" aria-invalid=\"false\" placeholder=\"Betreff (*)\" value=\"\" type=\"text\" name=\"asunto\" \/><\/span>\n<span class=\"wpcf7-form-control-wrap\" data-name=\"mensaje\"><textarea cols=\"40\" rows=\"4\" maxlength=\"2000\" class=\"wpcf7-form-control wpcf7-textarea wpcf7-validates-as-required\" aria-required=\"true\" aria-invalid=\"false\" placeholder=\"Nachricht (*)\" name=\"mensaje\"><\/textarea><\/span>\n<span class=\"wpcf7-form-control-wrap\" data-name=\"acceptance-692\"><span class=\"wpcf7-form-control wpcf7-acceptance\"><span class=\"wpcf7-list-item\"><label><input type=\"checkbox\" name=\"acceptance-692\" value=\"1\" aria-invalid=\"false\" \/><span class=\"wpcf7-list-item-label\">Ich akzeptiere die <a href=\"https:\/\/www.rieraconsulting.es\/privacy-policy\" target=\"_blank\">Datenschutzrichtlinie<\/a>.<\/span><\/label><\/span><\/span><\/span>\n<div id=\"cf7-enviar\" style=\"text-align: center;width: 100%;\">\n<input class=\"wpcf7-form-control wpcf7-submit has-spinner\" type=\"submit\" value=\"Senden\" \/>\n<\/div><div class=\"wpcf7-response-output\" aria-hidden=\"true\"><\/div>\n<\/form>\n<\/div>\n<\/div>\n<\/div>\n<\/div>\n<\/div><\/div>\n","protected":false},"excerpt":{"rendered":"<p>EU-Beamten &#8211; Umfangreiche Rechtsberatung Bei RIERA CONSULTING kennen wir die Besonderheiten des Personals im Dienst der Europ\u00e4ischen Union und bieten [&hellip;]<\/p>\n","protected":false},"author":1,"featured_media":0,"parent":0,"menu_order":0,"comment_status":"closed","ping_status":"closed","template":"","meta":{"_acf_changed":false,"inline_featured_image":false,"_uag_custom_page_level_css":"","site-sidebar-layout":"default","site-content-layout":"","ast-site-content-layout":"default","site-content-style":"default","site-sidebar-style":"default","ast-global-header-display":"","ast-banner-title-visibility":"","ast-main-header-display":"","ast-hfb-above-header-display":"","ast-hfb-below-header-display":"","ast-hfb-mobile-header-display":"","site-post-title":"disabled","ast-breadcrumbs-content":"","ast-featured-img":"","footer-sml-layout":"","ast-disable-related-posts":"","theme-transparent-header-meta":"","adv-header-id-meta":"","stick-header-meta":"","header-above-stick-meta":"","header-main-stick-meta":"","header-below-stick-meta":"","astra-migrate-meta-layouts":"default","ast-page-background-enabled":"default","ast-page-background-meta":{"desktop":{"background-color":"var(--ast-global-color-4)","background-image":"","background-repeat":"repeat","background-position":"center center","background-size":"auto","background-attachment":"scroll","background-type":"","background-media":"","overlay-type":"","overlay-color":"","overlay-opacity":"","overlay-gradient":""},"tablet":{"background-color":"","background-image":"","background-repeat":"repeat","background-position":"center center","background-size":"auto","background-attachment":"scroll","background-type":"","background-media":"","overlay-type":"","overlay-color":"","overlay-opacity":"","overlay-gradient":""},"mobile":{"background-color":"","background-image":"","background-repeat":"repeat","background-position":"center center","background-size":"auto","background-attachment":"scroll","background-type":"","background-media":"","overlay-type":"","overlay-color":"","overlay-opacity":"","overlay-gradient":""}},"ast-content-background-meta":{"desktop":{"background-color":"var(--ast-global-color-5)","background-image":"","background-repeat":"repeat","background-position":"center center","background-size":"auto","background-attachment":"scroll","background-type":"","background-media":"","overlay-type":"","overlay-color":"","overlay-opacity":"","overlay-gradient":""},"tablet":{"background-color":"var(--ast-global-color-5)","background-image":"","background-repeat":"repeat","background-position":"center center","background-size":"auto","background-attachment":"scroll","background-type":"","background-media":"","overlay-type":"","overlay-color":"","overlay-opacity":"","overlay-gradient":""},"mobile":{"background-color":"var(--ast-global-color-5)","background-image":"","background-repeat":"repeat","background-position":"center center","background-size":"auto","background-attachment":"scroll","background-type":"","background-media":"","overlay-type":"","overlay-color":"","overlay-opacity":"","overlay-gradient":""}},"footnotes":""},"class_list":["post-2222","page","type-page","status-publish","hentry"],"acf":[],"yoast_head":"<!-- This site is optimized with the Yoast SEO plugin v27.4 - https:\/\/yoast.com\/product\/yoast-seo-wordpress\/ -->\n<title>EUROP\u00c4ISCHE BEAMTEN - Riera Consulting<\/title>\n<meta name=\"robots\" content=\"index, follow, max-snippet:-1, max-image-preview:large, max-video-preview:-1\" \/>\n<link rel=\"canonical\" href=\"https:\/\/www.rieraconsulting.es\/de\/eu-beamten\/\" \/>\n<meta property=\"og:locale\" content=\"de_DE\" \/>\n<meta property=\"og:type\" content=\"article\" \/>\n<meta property=\"og:title\" content=\"EUROP\u00c4ISCHE BEAMTEN - Riera Consulting\" \/>\n<meta property=\"og:description\" content=\"EU-Beamten &#8211; Umfangreiche Rechtsberatung Bei RIERA CONSULTING kennen wir die Besonderheiten des Personals im Dienst der Europ\u00e4ischen Union und bieten [&hellip;]\" \/>\n<meta property=\"og:url\" content=\"https:\/\/www.rieraconsulting.es\/de\/eu-beamten\/\" \/>\n<meta property=\"og:site_name\" content=\"Riera Consulting\" \/>\n<meta property=\"article:modified_time\" content=\"2025-04-29T09:46:37+00:00\" \/>\n<meta name=\"twitter:card\" content=\"summary_large_image\" \/>\n<meta name=\"twitter:label1\" content=\"Gesch\u00e4tzte Lesezeit\" \/>\n\t<meta name=\"twitter:data1\" content=\"2\u00a0Minuten\" \/>\n<script type=\"application\/ld+json\" class=\"yoast-schema-graph\">{\"@context\":\"https:\\\/\\\/schema.org\",\"@graph\":[{\"@type\":\"WebPage\",\"@id\":\"https:\\\/\\\/www.rieraconsulting.es\\\/de\\\/eu-beamten\\\/\",\"url\":\"https:\\\/\\\/www.rieraconsulting.es\\\/de\\\/eu-beamten\\\/\",\"name\":\"EUROP\u00c4ISCHE BEAMTEN - Riera Consulting\",\"isPartOf\":{\"@id\":\"https:\\\/\\\/www.rieraconsulting.es\\\/de\\\/#website\"},\"datePublished\":\"2024-09-11T07:03:23+00:00\",\"dateModified\":\"2025-04-29T09:46:37+00:00\",\"breadcrumb\":{\"@id\":\"https:\\\/\\\/www.rieraconsulting.es\\\/de\\\/eu-beamten\\\/#breadcrumb\"},\"inLanguage\":\"de\",\"potentialAction\":[{\"@type\":\"ReadAction\",\"target\":[\"https:\\\/\\\/www.rieraconsulting.es\\\/de\\\/eu-beamten\\\/\"]}]},{\"@type\":\"BreadcrumbList\",\"@id\":\"https:\\\/\\\/www.rieraconsulting.es\\\/de\\\/eu-beamten\\\/#breadcrumb\",\"itemListElement\":[{\"@type\":\"ListItem\",\"position\":1,\"name\":\"Portada\",\"item\":\"https:\\\/\\\/www.rieraconsulting.es\\\/de\\\/\"},{\"@type\":\"ListItem\",\"position\":2,\"name\":\"EUROP\u00c4ISCHE BEAMTEN\"}]},{\"@type\":\"WebSite\",\"@id\":\"https:\\\/\\\/www.rieraconsulting.es\\\/de\\\/#website\",\"url\":\"https:\\\/\\\/www.rieraconsulting.es\\\/de\\\/\",\"name\":\"Riera Consulting\",\"description\":\"Riera Consulting Abogados Y Asesores Fiscales Alicante\",\"publisher\":{\"@id\":\"https:\\\/\\\/www.rieraconsulting.es\\\/de\\\/#organization\"},\"potentialAction\":[{\"@type\":\"SearchAction\",\"target\":{\"@type\":\"EntryPoint\",\"urlTemplate\":\"https:\\\/\\\/www.rieraconsulting.es\\\/de\\\/?s={search_term_string}\"},\"query-input\":{\"@type\":\"PropertyValueSpecification\",\"valueRequired\":true,\"valueName\":\"search_term_string\"}}],\"inLanguage\":\"de\"},{\"@type\":\"Organization\",\"@id\":\"https:\\\/\\\/www.rieraconsulting.es\\\/de\\\/#organization\",\"name\":\"Riera Consulting\",\"url\":\"https:\\\/\\\/www.rieraconsulting.es\\\/de\\\/\",\"logo\":{\"@type\":\"ImageObject\",\"inLanguage\":\"de\",\"@id\":\"https:\\\/\\\/www.rieraconsulting.es\\\/de\\\/#\\\/schema\\\/logo\\\/image\\\/\",\"url\":\"https:\\\/\\\/www.rieraconsulting.es\\\/wp-content\\\/uploads\\\/2025\\\/03\\\/rieraconsulting_logo.svg\",\"contentUrl\":\"https:\\\/\\\/www.rieraconsulting.es\\\/wp-content\\\/uploads\\\/2025\\\/03\\\/rieraconsulting_logo.svg\",\"caption\":\"Riera Consulting\"},\"image\":{\"@id\":\"https:\\\/\\\/www.rieraconsulting.es\\\/de\\\/#\\\/schema\\\/logo\\\/image\\\/\"}}]}<\/script>\n<!-- \/ Yoast SEO plugin. -->","yoast_head_json":{"title":"EUROP\u00c4ISCHE BEAMTEN - Riera Consulting","robots":{"index":"index","follow":"follow","max-snippet":"max-snippet:-1","max-image-preview":"max-image-preview:large","max-video-preview":"max-video-preview:-1"},"canonical":"https:\/\/www.rieraconsulting.es\/de\/eu-beamten\/","og_locale":"de_DE","og_type":"article","og_title":"EUROP\u00c4ISCHE BEAMTEN - Riera Consulting","og_description":"EU-Beamten &#8211; Umfangreiche Rechtsberatung Bei RIERA CONSULTING kennen wir die Besonderheiten des Personals im Dienst der Europ\u00e4ischen Union und bieten [&hellip;]","og_url":"https:\/\/www.rieraconsulting.es\/de\/eu-beamten\/","og_site_name":"Riera Consulting","article_modified_time":"2025-04-29T09:46:37+00:00","twitter_card":"summary_large_image","twitter_misc":{"Gesch\u00e4tzte Lesezeit":"2\u00a0Minuten"},"schema":{"@context":"https:\/\/schema.org","@graph":[{"@type":"WebPage","@id":"https:\/\/www.rieraconsulting.es\/de\/eu-beamten\/","url":"https:\/\/www.rieraconsulting.es\/de\/eu-beamten\/","name":"EUROP\u00c4ISCHE BEAMTEN - Riera Consulting","isPartOf":{"@id":"https:\/\/www.rieraconsulting.es\/de\/#website"},"datePublished":"2024-09-11T07:03:23+00:00","dateModified":"2025-04-29T09:46:37+00:00","breadcrumb":{"@id":"https:\/\/www.rieraconsulting.es\/de\/eu-beamten\/#breadcrumb"},"inLanguage":"de","potentialAction":[{"@type":"ReadAction","target":["https:\/\/www.rieraconsulting.es\/de\/eu-beamten\/"]}]},{"@type":"BreadcrumbList","@id":"https:\/\/www.rieraconsulting.es\/de\/eu-beamten\/#breadcrumb","itemListElement":[{"@type":"ListItem","position":1,"name":"Portada","item":"https:\/\/www.rieraconsulting.es\/de\/"},{"@type":"ListItem","position":2,"name":"EUROP\u00c4ISCHE BEAMTEN"}]},{"@type":"WebSite","@id":"https:\/\/www.rieraconsulting.es\/de\/#website","url":"https:\/\/www.rieraconsulting.es\/de\/","name":"Riera Consulting","description":"Riera Consulting Abogados Y Asesores Fiscales Alicante","publisher":{"@id":"https:\/\/www.rieraconsulting.es\/de\/#organization"},"potentialAction":[{"@type":"SearchAction","target":{"@type":"EntryPoint","urlTemplate":"https:\/\/www.rieraconsulting.es\/de\/?s={search_term_string}"},"query-input":{"@type":"PropertyValueSpecification","valueRequired":true,"valueName":"search_term_string"}}],"inLanguage":"de"},{"@type":"Organization","@id":"https:\/\/www.rieraconsulting.es\/de\/#organization","name":"Riera Consulting","url":"https:\/\/www.rieraconsulting.es\/de\/","logo":{"@type":"ImageObject","inLanguage":"de","@id":"https:\/\/www.rieraconsulting.es\/de\/#\/schema\/logo\/image\/","url":"https:\/\/www.rieraconsulting.es\/wp-content\/uploads\/2025\/03\/rieraconsulting_logo.svg","contentUrl":"https:\/\/www.rieraconsulting.es\/wp-content\/uploads\/2025\/03\/rieraconsulting_logo.svg","caption":"Riera Consulting"},"image":{"@id":"https:\/\/www.rieraconsulting.es\/de\/#\/schema\/logo\/image\/"}}]}},"uagb_featured_image_src":{"full":false,"thumbnail":false,"medium":false,"medium_large":false,"large":false,"1536x1536":false,"2048x2048":false},"uagb_author_info":{"display_name":"kebes","author_link":"https:\/\/www.rieraconsulting.es\/de\/author\/kebes\/"},"uagb_comment_info":0,"uagb_excerpt":"EU-Beamten &#8211; Umfangreiche Rechtsberatung Bei RIERA CONSULTING kennen wir die Besonderheiten des Personals im Dienst der Europ\u00e4ischen Union und bieten [&hellip;]","_links":{"self":[{"href":"https:\/\/www.rieraconsulting.es\/de\/wp-json\/wp\/v2\/pages\/2222","targetHints":{"allow":["GET"]}}],"collection":[{"href":"https:\/\/www.rieraconsulting.es\/de\/wp-json\/wp\/v2\/pages"}],"about":[{"href":"https:\/\/www.rieraconsulting.es\/de\/wp-json\/wp\/v2\/types\/page"}],"author":[{"embeddable":true,"href":"https:\/\/www.rieraconsulting.es\/de\/wp-json\/wp\/v2\/users\/1"}],"replies":[{"embeddable":true,"href":"https:\/\/www.rieraconsulting.es\/de\/wp-json\/wp\/v2\/comments?post=2222"}],"version-history":[{"count":3,"href":"https:\/\/www.rieraconsulting.es\/de\/wp-json\/wp\/v2\/pages\/2222\/revisions"}],"predecessor-version":[{"id":2457,"href":"https:\/\/www.rieraconsulting.es\/de\/wp-json\/wp\/v2\/pages\/2222\/revisions\/2457"}],"wp:attachment":[{"href":"https:\/\/www.rieraconsulting.es\/de\/wp-json\/wp\/v2\/media?parent=2222"}],"curies":[{"name":"wp","href":"https:\/\/api.w.org\/{rel}","templated":true}]}}