{"id":2210,"date":"2024-09-11T06:50:26","date_gmt":"2024-09-11T06:50:26","guid":{"rendered":"https:\/\/www.rieraconsulting.es\/kontakt\/"},"modified":"2025-04-30T07:00:32","modified_gmt":"2025-04-30T07:00:32","slug":"kontaktieren-sie-riera-consulting","status":"publish","type":"page","link":"https:\/\/www.rieraconsulting.es\/de\/kontaktieren-sie-riera-consulting\/","title":{"rendered":"Kontakt"},"content":{"rendered":"\n<div style=\"height:50px\" aria-hidden=\"true\" class=\"wp-block-spacer\"><\/div>\n\n<div class=\"wp-block-uagb-container uagb-block-9f870b42 alignfull uagb-is-root-container\"><div class=\"uagb-container-inner-blocks-wrap\">\n<h2 class=\"wp-block-heading has-text-align-center has-large-font-size\">Kontaktieren Sie Riera Consulting<\/h2>\n\n\n\n<p class=\"has-text-align-center\">Wenn Sie eine Anfrage machen oder irgendwelche Zweifel beheben m\u00f6chten, k\u00f6nnen Sie sich an Riera Consulting direkt \u00fcber das folgende Formular wenden.<\/p>\n<\/div><\/div>\n\n<div class=\"wp-block-uagb-container uagb-block-1c53b388 alignfull uagb-is-root-container\"><div class=\"uagb-container-inner-blocks-wrap\">\n<div class=\"wp-block-uagb-container uagb-block-33f70f3f\">      \n\t\t\t<div class=\"uagb-icon-wrapper uagb-block-7536c4c6      \"\n\t\t\tstyle=\"\" >\n\t\t\t\t\t\t\t\t\t<span class=\"uagb-svg-wrapper\" \n\t\t\t\t\t aria-label=\"location-dot\"\t\t\t\t\ttabindex=\"0\">\t\t\n\t\t\t\t\t\t\t\t\t\t<svg xmlns=\"https:\/\/www.w3.org\/2000\/svg\" viewBox= \"0 0 384 512\" role=\"graphics-symbol\" aria-hidden=\"false\" aria-label=\"\"><path d=\"M168.3 499.2C116.1 435 0 279.4 0 192C0 85.96 85.96 0 192 0C298 0 384 85.96 384 192C384 279.4 267 435 215.7 499.2C203.4 514.5 180.6 514.5 168.3 499.2H168.3zM192 256C227.3 256 256 227.3 256 192C256 156.7 227.3 128 192 128C156.7 128 128 156.7 128 192C128 227.3 156.7 256 192 256z\"><\/path><\/svg>\n\t\t\t\t\t\t\t\t\t<\/span>\n\t\t\t\t\t\t\t<\/div>\n\t\t\t\n\n\n<h5 class=\"wp-block-heading has-text-align-center\">Adresse<\/h5>\n\n\n\n<p class=\"has-text-align-center\">Edificio \u00d3scar Espl\u00e1 ,<br\/>C\/ Moratin 21 entreplanta izq.<br\/>OFICINAS 2 \u2013 4 , 03008 Alicante<\/p>\n<\/div>\n\n\n\n<div class=\"wp-block-uagb-container uagb-block-a628e22e\">      \n\t\t\t<div class=\"uagb-icon-wrapper uagb-block-6447411c      \"\n\t\t\tstyle=\"\" >\n\t\t\t\t\t\t\t\t\t<span class=\"uagb-svg-wrapper\" \n\t\t\t\t\t aria-label=\"phone\"\t\t\t\t\ttabindex=\"0\">\t\t\n\t\t\t\t\t\t\t\t\t\t<svg xmlns=\"https:\/\/www.w3.org\/2000\/svg\" viewBox= \"0 0 512 512\" role=\"graphics-symbol\" aria-hidden=\"false\" aria-label=\"\"><path d=\"M511.2 387l-23.25 100.8c-3.266 14.25-15.79 24.22-30.46 24.22C205.2 512 0 306.8 0 54.5c0-14.66 9.969-27.2 24.22-30.45l100.8-23.25C139.7-2.602 154.7 5.018 160.8 18.92l46.52 108.5c5.438 12.78 1.77 27.67-8.98 36.45L144.5 207.1c33.98 69.22 90.26 125.5 159.5 159.5l44.08-53.8c8.688-10.78 23.69-14.51 36.47-8.975l108.5 46.51C506.1 357.2 514.6 372.4 511.2 387z\"><\/path><\/svg>\n\t\t\t\t\t\t\t\t\t<\/span>\n\t\t\t\t\t\t\t<\/div>\n\t\t\t\n\n\n<h5 class=\"wp-block-heading has-text-align-center\">Telefonnummern<\/h5>\n\n\n\n<p class=\"has-text-align-center\" style=\"margin-top:0px;margin-bottom:-20px\">TLF: 965 92 91 94  <\/p>\n\n\n\n<p class=\"has-text-align-center\">FAX: 965 92 94 62<\/p>\n<\/div>\n\n\n\n<div class=\"wp-block-uagb-container uagb-block-cbabb8ee\">      \n\t\t\t<div class=\"uagb-icon-wrapper uagb-block-b4b50d2b      \"\n\t\t\tstyle=\"\" >\n\t\t\t\t\t\t\t\t\t<span class=\"uagb-svg-wrapper\" \n\t\t\t\t\t aria-label=\"envelope\"\t\t\t\t\ttabindex=\"0\">\t\t\n\t\t\t\t\t\t\t\t\t\t<svg xmlns=\"https:\/\/www.w3.org\/2000\/svg\" viewBox= \"0 0 512 512\" role=\"graphics-symbol\" aria-hidden=\"false\" aria-label=\"\"><path d=\"M464 64C490.5 64 512 85.49 512 112C512 127.1 504.9 141.3 492.8 150.4L275.2 313.6C263.8 322.1 248.2 322.1 236.8 313.6L19.2 150.4C7.113 141.3 0 127.1 0 112C0 85.49 21.49 64 48 64H464zM217.6 339.2C240.4 356.3 271.6 356.3 294.4 339.2L512 176V384C512 419.3 483.3 448 448 448H64C28.65 448 0 419.3 0 384V176L217.6 339.2z\"><\/path><\/svg>\n\t\t\t\t\t\t\t\t\t<\/span>\n\t\t\t\t\t\t\t<\/div>\n\t\t\t\n\n\n<h5 class=\"wp-block-heading has-text-align-center\">E-Mail<\/h5>\n\n\n\n<p class=\"has-text-align-center\"><a href=\"mailto:riera@rieraconsulting.es\">riera@rieraconsulting.es<\/a><\/p>\n<\/div>\n<\/div><\/div>\n\n<div class=\"wp-block-uagb-container section_contactar_home uagb-block-fec3fc47 alignfull uagb-is-root-container\"><div class=\"uagb-container-inner-blocks-wrap\">\n<p class=\"has-text-align-center has-large-font-size\" style=\"margin-top:0em;margin-bottom:0em;font-style:normal;font-weight:300\">Z\u00f6gern Sie nicht uns zu kontaktieren<\/p>\n\n\n\n<div class=\"wp-block-uagb-container uagb-block-988d12d5\">\n<div class=\"wp-block-uagb-container uagb-block-161195bd\">\n<div class=\"wp-block-contact-form-7-contact-form-selector\">\n<div class=\"wpcf7 no-js\" id=\"wpcf7-f2048-o1\" lang=\"de-DE\" dir=\"ltr\" data-wpcf7-id=\"2048\">\n<div class=\"screen-reader-response\"><p role=\"status\" aria-live=\"polite\" aria-atomic=\"true\"><\/p> <ul><\/ul><\/div>\n<form action=\"\/de\/wp-json\/wp\/v2\/pages\/2210#wpcf7-f2048-o1\" method=\"post\" class=\"wpcf7-form init\" aria-label=\"Kontaktformular\" novalidate=\"novalidate\" data-status=\"init\">\n<fieldset class=\"hidden-fields-container\"><input type=\"hidden\" name=\"_wpcf7\" value=\"2048\" \/><input type=\"hidden\" name=\"_wpcf7_version\" value=\"6.1.5\" \/><input type=\"hidden\" name=\"_wpcf7_locale\" value=\"de_DE\" \/><input type=\"hidden\" name=\"_wpcf7_unit_tag\" value=\"wpcf7-f2048-o1\" \/><input type=\"hidden\" name=\"_wpcf7_container_post\" value=\"0\" \/><input type=\"hidden\" name=\"_wpcf7_posted_data_hash\" value=\"\" \/><input type=\"hidden\" name=\"_wpcf7_recaptcha_response\" value=\"\" \/>\n<\/fieldset>\n<span class=\"wpcf7-form-control-wrap\" data-name=\"nombre\"><input size=\"40\" maxlength=\"400\" class=\"wpcf7-form-control wpcf7-text wpcf7-validates-as-required\" aria-required=\"true\" aria-invalid=\"false\" placeholder=\"Name (*)\" value=\"\" type=\"text\" name=\"nombre\" \/><\/span>\n<span class=\"wpcf7-form-control-wrap\" data-name=\"correo\"><input size=\"40\" maxlength=\"400\" class=\"wpcf7-form-control wpcf7-email wpcf7-validates-as-required wpcf7-text wpcf7-validates-as-email\" aria-required=\"true\" aria-invalid=\"false\" placeholder=\"E-mail (*)\" value=\"\" type=\"email\" name=\"correo\" \/><\/span>\n<span class=\"wpcf7-form-control-wrap\" data-name=\"asunto\"><input size=\"40\" maxlength=\"400\" class=\"wpcf7-form-control wpcf7-text wpcf7-validates-as-required\" aria-required=\"true\" aria-invalid=\"false\" placeholder=\"Betreff (*)\" value=\"\" type=\"text\" name=\"asunto\" \/><\/span>\n<span class=\"wpcf7-form-control-wrap\" data-name=\"mensaje\"><textarea cols=\"40\" rows=\"4\" maxlength=\"2000\" class=\"wpcf7-form-control wpcf7-textarea wpcf7-validates-as-required\" aria-required=\"true\" aria-invalid=\"false\" placeholder=\"Nachricht (*)\" name=\"mensaje\"><\/textarea><\/span>\n<span class=\"wpcf7-form-control-wrap\" data-name=\"acceptance-692\"><span class=\"wpcf7-form-control wpcf7-acceptance\"><span class=\"wpcf7-list-item\"><label><input type=\"checkbox\" name=\"acceptance-692\" value=\"1\" aria-invalid=\"false\" \/><span class=\"wpcf7-list-item-label\">Ich akzeptiere die <a href=\"https:\/\/www.rieraconsulting.es\/privacy-policy\" target=\"_blank\">Datenschutzrichtlinie<\/a>.<\/span><\/label><\/span><\/span><\/span>\n<div id=\"cf7-enviar\" style=\"text-align: center;width: 100%;\">\n<input class=\"wpcf7-form-control wpcf7-submit has-spinner\" type=\"submit\" value=\"Senden\" \/>\n<\/div><div class=\"wpcf7-response-output\" aria-hidden=\"true\"><\/div>\n<\/form>\n<\/div>\n<\/div>\n<\/div>\n\n\n\n<div class=\"wp-block-uagb-container uagb-block-90467267\">\n<p>Obligatorische Felder sind mit dem Symbol (*) markiert.<\/p>\n\n\n\n<p>Sie k\u00f6nnen uns aber auch um R\u00fcckruf bitten, um mit Ihnen Kontakt aufnehmen k\u00f6nnen.<\/p>\n\n\n\n<p>Wir k\u00f6nnen Ihnen eine Kopie Ihrer Anfrage an Ihr E-Mail-Konto senden.<\/p>\n<\/div>\n<\/div>\n<\/div><\/div>\n\n<div class=\"wp-block-uagb-container uagb-block-2d3f47d5 alignfull uagb-is-root-container\">\n<iframe src=\"https:\/\/www.google.com\/maps\/embed?pb=!1m18!1m12!1m3!1d1706.3419674199902!2d-0.49522472147494695!3d38.33868348755012!2m3!1f0!2f0!3f0!3m2!1i1024!2i768!4f13.1!3m3!1m2!1s0xd6237a9ca9df039%3A0x8954c8bf1b670f14!2sRiera%20Consulting%20Abogados%20Y%20Asesores%20Fiscales%20SL!5e0!3m2!1ses!2ses!4v1726131765790!5m2!1ses!2ses\" width=\"600\" height=\"450\" style=\"border:0;\" allowfullscreen=\"\" loading=\"lazy\" referrerpolicy=\"no-referrer-when-downgrade\"><\/iframe>\n<\/div>\n","protected":false},"excerpt":{"rendered":"<p>Kontaktieren Sie Riera Consulting Wenn Sie eine Anfrage machen oder irgendwelche Zweifel beheben m\u00f6chten, k\u00f6nnen Sie sich an Riera Consulting [&hellip;]<\/p>\n","protected":false},"author":1,"featured_media":0,"parent":0,"menu_order":0,"comment_status":"closed","ping_status":"closed","template":"","meta":{"_acf_changed":false,"inline_featured_image":false,"_uag_custom_page_level_css":"","site-sidebar-layout":"default","site-content-layout":"","ast-site-content-layout":"default","site-content-style":"default","site-sidebar-style":"default","ast-global-header-display":"","ast-banner-title-visibility":"","ast-main-header-display":"","ast-hfb-above-header-display":"","ast-hfb-below-header-display":"","ast-hfb-mobile-header-display":"","site-post-title":"disabled","ast-breadcrumbs-content":"","ast-featured-img":"","footer-sml-layout":"","ast-disable-related-posts":"","theme-transparent-header-meta":"","adv-header-id-meta":"","stick-header-meta":"","header-above-stick-meta":"","header-main-stick-meta":"","header-below-stick-meta":"","astra-migrate-meta-layouts":"default","ast-page-background-enabled":"default","ast-page-background-meta":{"desktop":{"background-color":"var(--ast-global-color-4)","background-image":"","background-repeat":"repeat","background-position":"center center","background-size":"auto","background-attachment":"scroll","background-type":"","background-media":"","overlay-type":"","overlay-color":"","overlay-opacity":"","overlay-gradient":""},"tablet":{"background-color":"","background-image":"","background-repeat":"repeat","background-position":"center center","background-size":"auto","background-attachment":"scroll","background-type":"","background-media":"","overlay-type":"","overlay-color":"","overlay-opacity":"","overlay-gradient":""},"mobile":{"background-color":"","background-image":"","background-repeat":"repeat","background-position":"center center","background-size":"auto","background-attachment":"scroll","background-type":"","background-media":"","overlay-type":"","overlay-color":"","overlay-opacity":"","overlay-gradient":""}},"ast-content-background-meta":{"desktop":{"background-color":"var(--ast-global-color-5)","background-image":"","background-repeat":"repeat","background-position":"center center","background-size":"auto","background-attachment":"scroll","background-type":"","background-media":"","overlay-type":"","overlay-color":"","overlay-opacity":"","overlay-gradient":""},"tablet":{"background-color":"var(--ast-global-color-5)","background-image":"","background-repeat":"repeat","background-position":"center center","background-size":"auto","background-attachment":"scroll","background-type":"","background-media":"","overlay-type":"","overlay-color":"","overlay-opacity":"","overlay-gradient":""},"mobile":{"background-color":"var(--ast-global-color-5)","background-image":"","background-repeat":"repeat","background-position":"center center","background-size":"auto","background-attachment":"scroll","background-type":"","background-media":"","overlay-type":"","overlay-color":"","overlay-opacity":"","overlay-gradient":""}},"footnotes":""},"class_list":["post-2210","page","type-page","status-publish","hentry"],"acf":[],"yoast_head":"<!-- This site is optimized with the Yoast SEO plugin v27.5 - https:\/\/yoast.com\/product\/yoast-seo-wordpress\/ -->\n<title>Kontakt - Riera Consulting<\/title>\n<meta name=\"robots\" content=\"index, follow, max-snippet:-1, max-image-preview:large, max-video-preview:-1\" \/>\n<link rel=\"canonical\" href=\"https:\/\/www.rieraconsulting.es\/de\/kontaktieren-sie-riera-consulting\/\" \/>\n<meta property=\"og:locale\" content=\"de_DE\" \/>\n<meta property=\"og:type\" content=\"article\" \/>\n<meta property=\"og:title\" content=\"Kontakt - Riera Consulting\" \/>\n<meta property=\"og:description\" content=\"Kontaktieren Sie Riera Consulting Wenn Sie eine Anfrage machen oder irgendwelche Zweifel beheben m\u00f6chten, k\u00f6nnen Sie sich an Riera Consulting [&hellip;]\" \/>\n<meta property=\"og:url\" content=\"https:\/\/www.rieraconsulting.es\/de\/kontaktieren-sie-riera-consulting\/\" \/>\n<meta property=\"og:site_name\" content=\"Riera Consulting\" \/>\n<meta property=\"article:modified_time\" content=\"2025-04-30T07:00:32+00:00\" \/>\n<meta name=\"twitter:card\" content=\"summary_large_image\" \/>\n<script type=\"application\/ld+json\" class=\"yoast-schema-graph\">{\"@context\":\"https:\\\/\\\/schema.org\",\"@graph\":[{\"@type\":\"WebPage\",\"@id\":\"https:\\\/\\\/www.rieraconsulting.es\\\/de\\\/kontaktieren-sie-riera-consulting\\\/\",\"url\":\"https:\\\/\\\/www.rieraconsulting.es\\\/de\\\/kontaktieren-sie-riera-consulting\\\/\",\"name\":\"Kontakt - Riera Consulting\",\"isPartOf\":{\"@id\":\"https:\\\/\\\/www.rieraconsulting.es\\\/de\\\/#website\"},\"datePublished\":\"2024-09-11T06:50:26+00:00\",\"dateModified\":\"2025-04-30T07:00:32+00:00\",\"breadcrumb\":{\"@id\":\"https:\\\/\\\/www.rieraconsulting.es\\\/de\\\/kontaktieren-sie-riera-consulting\\\/#breadcrumb\"},\"inLanguage\":\"de\",\"potentialAction\":[{\"@type\":\"ReadAction\",\"target\":[\"https:\\\/\\\/www.rieraconsulting.es\\\/de\\\/kontaktieren-sie-riera-consulting\\\/\"]}]},{\"@type\":\"BreadcrumbList\",\"@id\":\"https:\\\/\\\/www.rieraconsulting.es\\\/de\\\/kontaktieren-sie-riera-consulting\\\/#breadcrumb\",\"itemListElement\":[{\"@type\":\"ListItem\",\"position\":1,\"name\":\"Portada\",\"item\":\"https:\\\/\\\/www.rieraconsulting.es\\\/de\\\/\"},{\"@type\":\"ListItem\",\"position\":2,\"name\":\"Kontakt\"}]},{\"@type\":\"WebSite\",\"@id\":\"https:\\\/\\\/www.rieraconsulting.es\\\/de\\\/#website\",\"url\":\"https:\\\/\\\/www.rieraconsulting.es\\\/de\\\/\",\"name\":\"Riera Consulting\",\"description\":\"Riera Consulting Abogados Y Asesores Fiscales Alicante\",\"publisher\":{\"@id\":\"https:\\\/\\\/www.rieraconsulting.es\\\/de\\\/#organization\"},\"potentialAction\":[{\"@type\":\"SearchAction\",\"target\":{\"@type\":\"EntryPoint\",\"urlTemplate\":\"https:\\\/\\\/www.rieraconsulting.es\\\/de\\\/?s={search_term_string}\"},\"query-input\":{\"@type\":\"PropertyValueSpecification\",\"valueRequired\":true,\"valueName\":\"search_term_string\"}}],\"inLanguage\":\"de\"},{\"@type\":\"Organization\",\"@id\":\"https:\\\/\\\/www.rieraconsulting.es\\\/de\\\/#organization\",\"name\":\"Riera Consulting\",\"url\":\"https:\\\/\\\/www.rieraconsulting.es\\\/de\\\/\",\"logo\":{\"@type\":\"ImageObject\",\"inLanguage\":\"de\",\"@id\":\"https:\\\/\\\/www.rieraconsulting.es\\\/de\\\/#\\\/schema\\\/logo\\\/image\\\/\",\"url\":\"https:\\\/\\\/www.rieraconsulting.es\\\/wp-content\\\/uploads\\\/2025\\\/03\\\/rieraconsulting_logo.svg\",\"contentUrl\":\"https:\\\/\\\/www.rieraconsulting.es\\\/wp-content\\\/uploads\\\/2025\\\/03\\\/rieraconsulting_logo.svg\",\"caption\":\"Riera Consulting\"},\"image\":{\"@id\":\"https:\\\/\\\/www.rieraconsulting.es\\\/de\\\/#\\\/schema\\\/logo\\\/image\\\/\"}}]}<\/script>\n<!-- \/ Yoast SEO plugin. -->","yoast_head_json":{"title":"Kontakt - Riera Consulting","robots":{"index":"index","follow":"follow","max-snippet":"max-snippet:-1","max-image-preview":"max-image-preview:large","max-video-preview":"max-video-preview:-1"},"canonical":"https:\/\/www.rieraconsulting.es\/de\/kontaktieren-sie-riera-consulting\/","og_locale":"de_DE","og_type":"article","og_title":"Kontakt - Riera Consulting","og_description":"Kontaktieren Sie Riera Consulting Wenn Sie eine Anfrage machen oder irgendwelche Zweifel beheben m\u00f6chten, k\u00f6nnen Sie sich an Riera Consulting [&hellip;]","og_url":"https:\/\/www.rieraconsulting.es\/de\/kontaktieren-sie-riera-consulting\/","og_site_name":"Riera Consulting","article_modified_time":"2025-04-30T07:00:32+00:00","twitter_card":"summary_large_image","schema":{"@context":"https:\/\/schema.org","@graph":[{"@type":"WebPage","@id":"https:\/\/www.rieraconsulting.es\/de\/kontaktieren-sie-riera-consulting\/","url":"https:\/\/www.rieraconsulting.es\/de\/kontaktieren-sie-riera-consulting\/","name":"Kontakt - Riera Consulting","isPartOf":{"@id":"https:\/\/www.rieraconsulting.es\/de\/#website"},"datePublished":"2024-09-11T06:50:26+00:00","dateModified":"2025-04-30T07:00:32+00:00","breadcrumb":{"@id":"https:\/\/www.rieraconsulting.es\/de\/kontaktieren-sie-riera-consulting\/#breadcrumb"},"inLanguage":"de","potentialAction":[{"@type":"ReadAction","target":["https:\/\/www.rieraconsulting.es\/de\/kontaktieren-sie-riera-consulting\/"]}]},{"@type":"BreadcrumbList","@id":"https:\/\/www.rieraconsulting.es\/de\/kontaktieren-sie-riera-consulting\/#breadcrumb","itemListElement":[{"@type":"ListItem","position":1,"name":"Portada","item":"https:\/\/www.rieraconsulting.es\/de\/"},{"@type":"ListItem","position":2,"name":"Kontakt"}]},{"@type":"WebSite","@id":"https:\/\/www.rieraconsulting.es\/de\/#website","url":"https:\/\/www.rieraconsulting.es\/de\/","name":"Riera Consulting","description":"Riera Consulting Abogados Y Asesores Fiscales Alicante","publisher":{"@id":"https:\/\/www.rieraconsulting.es\/de\/#organization"},"potentialAction":[{"@type":"SearchAction","target":{"@type":"EntryPoint","urlTemplate":"https:\/\/www.rieraconsulting.es\/de\/?s={search_term_string}"},"query-input":{"@type":"PropertyValueSpecification","valueRequired":true,"valueName":"search_term_string"}}],"inLanguage":"de"},{"@type":"Organization","@id":"https:\/\/www.rieraconsulting.es\/de\/#organization","name":"Riera Consulting","url":"https:\/\/www.rieraconsulting.es\/de\/","logo":{"@type":"ImageObject","inLanguage":"de","@id":"https:\/\/www.rieraconsulting.es\/de\/#\/schema\/logo\/image\/","url":"https:\/\/www.rieraconsulting.es\/wp-content\/uploads\/2025\/03\/rieraconsulting_logo.svg","contentUrl":"https:\/\/www.rieraconsulting.es\/wp-content\/uploads\/2025\/03\/rieraconsulting_logo.svg","caption":"Riera Consulting"},"image":{"@id":"https:\/\/www.rieraconsulting.es\/de\/#\/schema\/logo\/image\/"}}]}},"uagb_featured_image_src":{"full":false,"thumbnail":false,"medium":false,"medium_large":false,"large":false,"1536x1536":false,"2048x2048":false},"uagb_author_info":{"display_name":"kebes","author_link":"https:\/\/www.rieraconsulting.es\/de\/author\/kebes\/"},"uagb_comment_info":0,"uagb_excerpt":"Kontaktieren Sie Riera Consulting Wenn Sie eine Anfrage machen oder irgendwelche Zweifel beheben m\u00f6chten, k\u00f6nnen Sie sich an Riera Consulting [&hellip;]","_links":{"self":[{"href":"https:\/\/www.rieraconsulting.es\/de\/wp-json\/wp\/v2\/pages\/2210","targetHints":{"allow":["GET"]}}],"collection":[{"href":"https:\/\/www.rieraconsulting.es\/de\/wp-json\/wp\/v2\/pages"}],"about":[{"href":"https:\/\/www.rieraconsulting.es\/de\/wp-json\/wp\/v2\/types\/page"}],"author":[{"embeddable":true,"href":"https:\/\/www.rieraconsulting.es\/de\/wp-json\/wp\/v2\/users\/1"}],"replies":[{"embeddable":true,"href":"https:\/\/www.rieraconsulting.es\/de\/wp-json\/wp\/v2\/comments?post=2210"}],"version-history":[{"count":6,"href":"https:\/\/www.rieraconsulting.es\/de\/wp-json\/wp\/v2\/pages\/2210\/revisions"}],"predecessor-version":[{"id":2509,"href":"https:\/\/www.rieraconsulting.es\/de\/wp-json\/wp\/v2\/pages\/2210\/revisions\/2509"}],"wp:attachment":[{"href":"https:\/\/www.rieraconsulting.es\/de\/wp-json\/wp\/v2\/media?parent=2210"}],"curies":[{"name":"wp","href":"https:\/\/api.w.org\/{rel}","templated":true}]}}